{"id":7,"date":"2023-11-15T13:46:39","date_gmt":"2023-11-15T12:46:39","guid":{"rendered":"https:\/\/taksis.pl\/?page_id=7"},"modified":"2023-12-05T11:33:10","modified_gmt":"2023-12-05T10:33:10","slug":"home","status":"publish","type":"page","link":"https:\/\/taksis.pl\/","title":{"rendered":"Home"},"content":{"rendered":"<div id=\"piotnetforms\" class=\"piotnetforms piotnetforms-216\" data-piotnetforms-shortcode-id=\"216\"><form id=\"216\" class=\"piotnetforms__form\" onsubmit=\"return false\"><div class=\"piotnet-section p88715691\">\t\t\t\t\t\t<div class=\"piotnet-section__container piotnet-section__container--full-width\"\n\t\t>\n\t\t<div class=\"piotnet-column p31909867\">\t\t\t\t\t\t<div class=\"piotnet-column__inner\"\n\t\t\t>\n\t\t<script>jQuery(document).ready(function( $ ) {\t\t\t\t\t$('head').append('<link href=\"https:\/\/fonts.googleapis.com\/css2?family=Nunito+Sans:wght@600&display=swap\" rel=\"stylesheet\">');\n\t\t\t\t\t})<\/script><div class=\"p96106796\">M\u00f3j adres mailowy to<\/div><script>jQuery(document).ready(function( $ ) {\t\t\t\t\t$('head').append('<link href=\"https:\/\/fonts.googleapis.com\/css2?family=Nunito+Sans:wght@500&display=swap\" rel=\"stylesheet\">');\n\t\t\t\t\t})<\/script>\t\t\n\t\t<div class=\"p50113732 piotnetforms-fields-wrapper piotnetforms-labels-above\">\n\t\t\t<div class=\"piotnetforms-field-type-email piotnetforms-field-group piotnetforms-column  piotnetforms-field-group-p03360903 piotnetforms-col-100 piotnetforms-field-required\">\n\t\t\t\t<label style=\"display:none\" for=\"form-field-p03360903\" class=\"piotnetforms-field-label\">Your Name<\/label><div data-piotnetforms-required><\/div><div class=\"piotnetforms-field-container\"><input size=\"1\" class=\"piotnetforms-field piotnetforms-size-\" type=\"email\" name=\"form_fields[p03360903]\" id=\"form-field-p03360903\" placeholder=\"nowak@biuro.xyz\" autocomplete=\"on\" data-piotnetforms-default-value=\"\" required=\"required\" aria-required=\"true\" data-piotnetforms-id=\"216\"><\/div>\t\t\t<\/div>\n\t\t<\/div>\n\t<div class=\"p31353974\">i poszukuj\u0119 us\u0142ugi<\/div>\t\t\n\t\t<div class=\"p54085194 piotnetforms-fields-wrapper piotnetforms-labels-above\">\n\t\t\t<div class=\"piotnetforms-field-type-select piotnetforms-field-group piotnetforms-column  piotnetforms-field-group-p95919866 piotnetforms-col-100 piotnetforms-field-required\">\n\t\t\t\t<label style=\"display:none\" for=\"form-field-p95919866\" class=\"piotnetforms-field-label\">Your Subject<\/label><div data-piotnetforms-required><\/div><div class=\"piotnetforms-field-container\">\t\t<div class=\"piotnetforms-field piotnetforms-select-wrapper piotnetforms-select-drop-down\">\n\t\t\t<select name=\"form_fields[p95919866]\" id=\"form-field-p95919866\" class=\"piotnetforms-field-textual piotnetforms-size-\" data-piotnetforms-type=\"select\" required=\"required\" aria-required=\"true\" data-piotnetforms-id=\"216\" data-piotnetforms-default-value=\"\" data-options='[\"zak\\u0142adania dzia\\u0142alno\\u015bci\",\"ksi\\u0119gi przychod\\u00f3w i rozchod\\u00f3w\",\"ksi\\u0105g rachunkowych\",\"konsultacji podatkowej\"]'>\n\t\t\t\t<option value=\"zak\u0142adania dzia\u0142alno\u015bci\">zak\u0142adania dzia\u0142alno\u015bci<\/option><option value=\"ksi\u0119gi przychod\u00f3w i rozchod\u00f3w\">ksi\u0119gi przychod\u00f3w i rozchod\u00f3w<\/option><option value=\"ksi\u0105g rachunkowych\">ksi\u0105g rachunkowych<\/option><option value=\"konsultacji podatkowej\">konsultacji podatkowej<\/option>\t\t\t<\/select>\n\t\t<\/div>\n\t\t<\/div>\t\t\t<\/div>\n\t\t<\/div>\n\t<div class=\"p93628114\">Forma prawna dzia\u0142alno\u015bci to<\/div>\t\t\n\t\t<div class=\"p89057175 piotnetforms-fields-wrapper piotnetforms-labels-above\">\n\t\t\t<div class=\"piotnetforms-field-type-select piotnetforms-field-group piotnetforms-column  piotnetforms-field-group-p90346399 piotnetforms-col-100 piotnetforms-field-required\">\n\t\t\t\t<label style=\"display:none\" for=\"form-field-p90346399\" class=\"piotnetforms-field-label\">Your Email<\/label><div data-piotnetforms-required><\/div><div class=\"piotnetforms-field-container\">\t\t<div class=\"piotnetforms-field piotnetforms-select-wrapper piotnetforms-select-drop-down\">\n\t\t\t<select name=\"form_fields[p90346399]\" id=\"form-field-p90346399\" class=\"piotnetforms-field-textual piotnetforms-size-\" data-piotnetforms-type=\"select\" required=\"required\" aria-required=\"true\" data-piotnetforms-id=\"216\" data-piotnetforms-default-value=\"dzia\u0142alno\u015b\u0107 nierejestrowana \/ brak\" data-options='[\"dzia\\u0142alno\\u015b\\u0107 nierejestrowana \\\/ brak\",\"jednoosobowa dzia\\u0142alno\\u015b\\u0107\",\"sp\\u00f3\\u0142ka cywilna \\\/ wsp\\u00f3lnik\",\"sp\\u00f3\\u0142ka jawna\",\"sp\\u00f3\\u0142ka partnerska\",\"sp\\u00f3\\u0142ka komandytowa\",\"sp\\u00f3\\u0142ka komandytowo-akcyjna\",\"sp\\u00f3\\u0142ka akcyjna\",\"sp\\u00f3\\u0142ka z o.o.\",\"prosta sp\\u00f3\\u0142ka akcyjna\",\"\"]'>\n\t\t\t\t<option value=\"dzia\u0142alno\u015b\u0107 nierejestrowana \/ brak\" selected=\"selected selected\">dzia\u0142alno\u015b\u0107 nierejestrowana \/ brak<\/option><option value=\"jednoosobowa dzia\u0142alno\u015b\u0107\">jednoosobowa dzia\u0142alno\u015b\u0107<\/option><option value=\"sp\u00f3\u0142ka cywilna \/ wsp\u00f3lnik\">sp\u00f3\u0142ka cywilna \/ wsp\u00f3lnik<\/option><option value=\"sp\u00f3\u0142ka jawna\">sp\u00f3\u0142ka jawna<\/option><option value=\"sp\u00f3\u0142ka partnerska\">sp\u00f3\u0142ka partnerska<\/option><option value=\"sp\u00f3\u0142ka komandytowa\">sp\u00f3\u0142ka komandytowa<\/option><option value=\"sp\u00f3\u0142ka komandytowo-akcyjna\">sp\u00f3\u0142ka komandytowo-akcyjna<\/option><option value=\"sp\u00f3\u0142ka akcyjna\">sp\u00f3\u0142ka akcyjna<\/option><option value=\"sp\u00f3\u0142ka z o.o.\">sp\u00f3\u0142ka z o.o.<\/option><option value=\"prosta sp\u00f3\u0142ka akcyjna\">prosta sp\u00f3\u0142ka akcyjna<\/option>\t\t\t<\/select>\n\t\t<\/div>\n\t\t<\/div>\t\t\t<\/div>\n\t\t<\/div>\n\t<script>jQuery(document).ready(function( $ ) {\t\t\t\t\t$('head').append('<link href=\"https:\/\/fonts.googleapis.com\/css2?family=Nunito+Sans:wght@700&display=swap\" rel=\"stylesheet\">');\n\t\t\t\t\t})<\/script>\n\t\t<div class=\"p45552792 form-btn-send piotnetforms-submit piotnetforms-button-wrapper\">\n\n\t\t\t\t<input type=\"hidden\" name=\"post_id\" value=\"216\" data-piotnetforms-hidden-form-id=\"216\"\/>\n\t\t<input type=\"hidden\" name=\"form_id\" value=\"p45552792\" data-piotnetforms-hidden-form-id=\"216\"\/>\n\t\t<input type=\"hidden\" name=\"remote_ip\" value=\"216.73.216.25, 104.23.197.48\" data-piotnetforms-hidden-form-id=\"216\"\/>\n\n\t\t\n\t\t\n\t\t\n\t\t\n\t\t<button class=\"piotnetforms-button-submit piotnetforms-button\" type=\"submit\" role=\"button\" data-piotnetforms-required-text=\"Wymagane pole\" data-piotnetforms-submit-form-id=\"216\" data-piotnetforms-submit-keyboard=\"false\" data-piotnetforms-submit-hide=\"false\">\n\t\t\t\t\t<span class=\"piotnetforms-button-content-wrapper\">\n\t\t\t<span class=\"piotnetforms-button-text piotnetforms-spinner\"><span class=\"icon-spinner-of-dots\"><\/span><\/span>\n\t\t\t\t\t\t<span class=\"piotnetforms-button-text\">Wy\u015blij<\/span>\n\t\t<\/span>\n\t\t\t\t<\/button>\n\t\t\n\t\t\t\t\n\t\t\n\t\t\n\t\t\n        \n            \t\t<div id=\"piotnetforms-trigger-success-216\" data-piotnetforms-trigger-success=\"216\" style=\"display: none\"><\/div>\n\t\t<div id=\"piotnetforms-trigger-failed-216\" data-piotnetforms-trigger-failed=\"216\" style=\"display: none\"><\/div>\n\t\t<div class=\"piotnetforms-alert piotnetforms-alert--mail\">\n\t\t\t<div class=\"piotnetforms-message piotnetforms-message-success\" role=\"alert\" data-piotnetforms-message=\"Zapytanie zosta\u0142o wys\u0142ane\">Zapytanie zosta\u0142o wys\u0142ane<\/div>\n\t\t\t<div class=\"piotnetforms-message piotnetforms-message-danger\" role=\"alert\" data-piotnetforms-message=\"Wyst\u0105pi\u0142 b\u0142\u0105d\">Wyst\u0105pi\u0142 b\u0142\u0105d<\/div>\n\t\t\t<!-- <div class=\"piotnetforms-message piotnetforms-help-inline\" role=\"alert\">Server error. Form not sent.<\/div> -->\n\t\t<\/div>\n\t\t\t\t<\/div>\n\t\t<script>jQuery(document).ready(function( $ ) {\t\t\t\t\t$('head').append('<link href=\"https:\/\/fonts.googleapis.com\/css2?family=Nunito+Sans:wght@400&display=swap\" rel=\"stylesheet\">');\n\t\t\t\t\t})<\/script><p class=\"p10310335\">Klikni\u0119cie przycisku <b>\u201eWy\u015blij\u201d<\/b> skutkowa\u0107 b\u0119dzie przekazaniem Twoich danych osobowych do Taksis sp. z o.o., kt\u00f3ra b\u0119dzie przetwarza\u0107 Twoje dane osobowe na zasadach okre\u015blonych w taksis.pl\/zasady. Klikni\u0119cie przycisku jest r\u00f3wnoznaczne ze zgod\u0105 na kontakt ze strony Taksis sp. z o.o. celem odpowiedzi na pytanie za pomoc\u0105 \u015brodk\u00f3w komunikacji elektronicznej na dane wskazane w formularzu. Przys\u0142uguje Ci prawo do wycofania zgody w dowolnym momencie poprzez kontakt na adres iod@taksis.pl.<\/p>\t\t\t<\/div>\n\t\t<\/div>\t\t\t<\/div>\n\t\t<\/div><link rel=\"stylesheet\" href=\"https:\/\/taksis.pl\/wp-content\/uploads\/piotnetforms\/css\/216.css?ver=43\" media=\"all\"><\/form><\/div><div data-piotnetforms-ajax-url=\"https:\/\/taksis.pl\/wp-admin\/admin-ajax.php\"><\/div><div data-piotnetforms-plugin-url=\"https:\/\/taksis.pl\/wp-content\/plugins\"><\/div><div data-piotnetforms-tinymce-upload=\"https:\/\/taksis.pl\/wp-content\/plugins\/piotnetforms-pro\/inc\/forms\/tinymce\/tinymce-upload.php\"><\/div><div data-piotnetforms-stripe-key=\"\"><\/div><div class=\"piotnetforms-break-point\" data-piotnetforms-break-point-md=\"1025\" data-piotnetforms-break-point-lg=\"767\"><\/div>\t\t\t","protected":false},"excerpt":{"rendered":"<p>M\u00f3j adres mailowy to Your Name i poszukuj\u0119 us\u0142ugi Your Subject zak\u0142adania dzia\u0142alno\u015bciksi\u0119gi przychod\u00f3w i rozchod\u00f3wksi\u0105g rachunkowychkonsultacji podatkowej Forma prawna dzia\u0142alno\u015bci to Your Email dzia\u0142alno\u015b\u0107 nierejestrowana<span class=\"excerpt-hellip\"> [\u2026]<\/span><\/p>\n","protected":false},"author":1,"featured_media":0,"parent":0,"menu_order":0,"comment_status":"closed","ping_status":"closed","template":"","meta":{"inline_featured_image":false,"footnotes":""},"class_list":["post-7","page","type-page","status-publish","hentry"],"_links":{"self":[{"href":"https:\/\/taksis.pl\/index.php\/wp-json\/wp\/v2\/pages\/7","targetHints":{"allow":["GET"]}}],"collection":[{"href":"https:\/\/taksis.pl\/index.php\/wp-json\/wp\/v2\/pages"}],"about":[{"href":"https:\/\/taksis.pl\/index.php\/wp-json\/wp\/v2\/types\/page"}],"author":[{"embeddable":true,"href":"https:\/\/taksis.pl\/index.php\/wp-json\/wp\/v2\/users\/1"}],"replies":[{"embeddable":true,"href":"https:\/\/taksis.pl\/index.php\/wp-json\/wp\/v2\/comments?post=7"}],"version-history":[{"count":269,"href":"https:\/\/taksis.pl\/index.php\/wp-json\/wp\/v2\/pages\/7\/revisions"}],"predecessor-version":[{"id":333,"href":"https:\/\/taksis.pl\/index.php\/wp-json\/wp\/v2\/pages\/7\/revisions\/333"}],"wp:attachment":[{"href":"https:\/\/taksis.pl\/index.php\/wp-json\/wp\/v2\/media?parent=7"}],"curies":[{"name":"wp","href":"https:\/\/api.w.org\/{rel}","templated":true}]}}